{"id":225,"date":"2013-12-21T16:43:54","date_gmt":"2013-12-21T16:43:54","guid":{"rendered":"http:\/\/s506649585.online.de\/?page_id=225"},"modified":"2014-01-21T17:08:19","modified_gmt":"2014-01-21T16:08:19","slug":"presse","status":"publish","type":"page","link":"https:\/\/schuetzenbruderschaft-hoeltinghausen.de\/?page_id=225","title":{"rendered":"Presse"},"content":{"rendered":"<p><a href=\"http:\/\/s506649585.online.de\/wp-content\/uploads\/2013\/12\/MT-20.04.2010-K\u00f6nigsschie\u00dfen.pdf\">MT 20.04.2010 K\u00f6nigsschie\u00dfen<\/a><\/p>\n<p><a href=\"http:\/\/s506649585.online.de\/wp-content\/uploads\/2013\/12\/MT-26.04.2010-K\u00f6nigin-Sophie.pdf\">MT 26.04.2010 K\u00f6nigin Sophie<\/a><\/p>\n<p><a href=\"http:\/\/s506649585.online.de\/wp-content\/uploads\/2013\/12\/MT-28.04.2010-K\u00f6nig-Hans.pdf\">MT 28.04.2010 K\u00f6nig Hans<\/a><\/p>\n<p><a href=\"http:\/\/s506649585.online.de\/wp-content\/uploads\/2013\/12\/MT-03.05.2010-Ehrung-der-Sch\u00fctzen.pdf\">MT 03.05.2010 Ehrung der Sch\u00fctzen<\/a><\/p>\n<p><a href=\"http:\/\/s506649585.online.de\/wp-content\/uploads\/2013\/12\/MT-05.05.2010-Fahnenweihe.pdf\">MT 05.05.2010 Fahnenweihe <\/a><\/p>\n<p><a href=\"http:\/\/s506649585.online.de\/wp-content\/uploads\/2013\/12\/MT-13.01.2011-DJT.pdf\">MT 13.01.2011 DJT<\/a><\/p>\n<p><a href=\"http:\/\/s506649585.online.de\/wp-content\/uploads\/2013\/12\/MT-23.05.2011-DJT.pdf\">MT 23.05.2011 DJT<\/a><\/p>\n<p><a href=\"http:\/\/s506649585.online.de\/wp-content\/uploads\/2013\/12\/MT-23.05.2012-DJT.pdf\">MT 23.05.2012 DJT<\/a><\/p>\n","protected":false},"excerpt":{"rendered":"<p>MT 20.04.2010 K\u00f6nigsschie\u00dfen MT 26.04.2010 K\u00f6nigin Sophie MT 28.04.2010 K\u00f6nig Hans MT 03.05.2010 Ehrung der Sch\u00fctzen MT 05.05.2010 Fahnenweihe MT 13.01.2011 DJT MT 23.05.2011 DJT MT 23.05.2012 DJT<\/p>\n","protected":false},"author":5,"featured_media":0,"parent":0,"menu_order":0,"comment_status":"open","ping_status":"open","template":"","meta":{"footnotes":""},"class_list":["post-225","page","type-page","status-publish","hentry"],"_links":{"self":[{"href":"https:\/\/schuetzenbruderschaft-hoeltinghausen.de\/index.php?rest_route=\/wp\/v2\/pages\/225","targetHints":{"allow":["GET"]}}],"collection":[{"href":"https:\/\/schuetzenbruderschaft-hoeltinghausen.de\/index.php?rest_route=\/wp\/v2\/pages"}],"about":[{"href":"https:\/\/schuetzenbruderschaft-hoeltinghausen.de\/index.php?rest_route=\/wp\/v2\/types\/page"}],"author":[{"embeddable":true,"href":"https:\/\/schuetzenbruderschaft-hoeltinghausen.de\/index.php?rest_route=\/wp\/v2\/users\/5"}],"replies":[{"embeddable":true,"href":"https:\/\/schuetzenbruderschaft-hoeltinghausen.de\/index.php?rest_route=%2Fwp%2Fv2%2Fcomments&post=225"}],"version-history":[{"count":5,"href":"https:\/\/schuetzenbruderschaft-hoeltinghausen.de\/index.php?rest_route=\/wp\/v2\/pages\/225\/revisions"}],"predecessor-version":[{"id":1442,"href":"https:\/\/schuetzenbruderschaft-hoeltinghausen.de\/index.php?rest_route=\/wp\/v2\/pages\/225\/revisions\/1442"}],"wp:attachment":[{"href":"https:\/\/schuetzenbruderschaft-hoeltinghausen.de\/index.php?rest_route=%2Fwp%2Fv2%2Fmedia&parent=225"}],"curies":[{"name":"wp","href":"https:\/\/api.w.org\/{rel}","templated":true}]}}