{"id":230,"date":"2013-12-22T09:19:21","date_gmt":"2013-12-22T09:19:21","guid":{"rendered":"http:\/\/s506649585.online.de\/?page_id=230"},"modified":"2019-01-12T13:47:29","modified_gmt":"2019-01-12T12:47:29","slug":"links","status":"publish","type":"page","link":"https:\/\/schuetzenbruderschaft-hoeltinghausen.de\/?page_id=230","title":{"rendered":"Vereine"},"content":{"rendered":"<p style=\"text-align: center;\"><a href=\"http:\/\/www.hoeltinghausen.com\" target=\"_blank\">H\u00f6ltinghausen<\/a><\/p>\n<p style=\"text-align: center;\"><a href=\"http:\/\/www.emstek.de\/\" target=\"_blank\">Gem. Emstek<\/a><\/p>\n<p style=\"text-align: center;\"><a href=\"http:\/\/www.st-paulus-emstek.de\/\" target=\"_blank\">St.Paulus-Bruderschaft-Emstek<\/a><\/p>\n<p style=\"text-align: center;\"><a href=\"http:\/\/www.st-georg-halen.de\/\" target=\"_blank\">St-Georg-Sch\u00fctzenbruderschaft-Halen<\/a><\/p>\n<p style=\"text-align: center;\"><a href=\"http:\/\/www.schuetzen-schneiderkrug.de\/\" target=\"_blank\">Sch\u00fctzenbruderschaft Schneiderkrug<\/a><\/p>\n<p style=\"text-align: center;\"><a href=\"http:\/\/www.st-dominikus.com\/\" target=\"_blank\">St-Dominikus-Sch\u00fctzenbruderschaft-HoKeB\u00fc<\/a><\/p>\n<p style=\"text-align: center;\"><a href=\"http:\/\/www.st-sebastian-vahren.de\/\" target=\"_blank\">St-Sebastian-Sch\u00fctzenbruderschaft-Vahren<\/a><\/p>\n<p style=\"text-align: center;\"><a href=\"http:\/\/www.bund-bruderschaften.de\/\" target=\"_blank\">Bund Der Historischen Deutschen Sch\u00fctzenbruderschaften<\/a><\/p>\n","protected":false},"excerpt":{"rendered":"<p>H\u00f6ltinghausen Gem. Emstek St.Paulus-Bruderschaft-Emstek St-Georg-Sch\u00fctzenbruderschaft-Halen Sch\u00fctzenbruderschaft Schneiderkrug St-Dominikus-Sch\u00fctzenbruderschaft-HoKeB\u00fc St-Sebastian-Sch\u00fctzenbruderschaft-Vahren Bund Der Historischen Deutschen Sch\u00fctzenbruderschaften<\/p>\n","protected":false},"author":5,"featured_media":0,"parent":0,"menu_order":0,"comment_status":"open","ping_status":"open","template":"","meta":{"footnotes":""},"class_list":["post-230","page","type-page","status-publish","hentry"],"_links":{"self":[{"href":"https:\/\/schuetzenbruderschaft-hoeltinghausen.de\/index.php?rest_route=\/wp\/v2\/pages\/230","targetHints":{"allow":["GET"]}}],"collection":[{"href":"https:\/\/schuetzenbruderschaft-hoeltinghausen.de\/index.php?rest_route=\/wp\/v2\/pages"}],"about":[{"href":"https:\/\/schuetzenbruderschaft-hoeltinghausen.de\/index.php?rest_route=\/wp\/v2\/types\/page"}],"author":[{"embeddable":true,"href":"https:\/\/schuetzenbruderschaft-hoeltinghausen.de\/index.php?rest_route=\/wp\/v2\/users\/5"}],"replies":[{"embeddable":true,"href":"https:\/\/schuetzenbruderschaft-hoeltinghausen.de\/index.php?rest_route=%2Fwp%2Fv2%2Fcomments&post=230"}],"version-history":[{"count":29,"href":"https:\/\/schuetzenbruderschaft-hoeltinghausen.de\/index.php?rest_route=\/wp\/v2\/pages\/230\/revisions"}],"predecessor-version":[{"id":5686,"href":"https:\/\/schuetzenbruderschaft-hoeltinghausen.de\/index.php?rest_route=\/wp\/v2\/pages\/230\/revisions\/5686"}],"wp:attachment":[{"href":"https:\/\/schuetzenbruderschaft-hoeltinghausen.de\/index.php?rest_route=%2Fwp%2Fv2%2Fmedia&parent=230"}],"curies":[{"name":"wp","href":"https:\/\/api.w.org\/{rel}","templated":true}]}}