{"id":65,"date":"2013-12-19T13:02:00","date_gmt":"2013-12-19T13:02:00","guid":{"rendered":"http:\/\/s506649585.online.de\/?page_id=65"},"modified":"2014-01-07T16:57:04","modified_gmt":"2014-01-07T16:57:04","slug":"kontakt","status":"publish","type":"page","link":"https:\/\/schuetzenbruderschaft-hoeltinghausen.de\/?page_id=65","title":{"rendered":"Kontakt"},"content":{"rendered":"<p style=\"text-align: center;\"><a href=\"http:\/\/s506649585.online.de\/wp-content\/uploads\/2013\/12\/luftbild1-Kopie.jpg\"><img loading=\"lazy\" decoding=\"async\" class=\"size-medium wp-image-1125 alignleft\" alt=\"luftbild(1) - Kopie\" src=\"http:\/\/s506649585.online.de\/wp-content\/uploads\/2013\/12\/luftbild1-Kopie-300x244.jpg\" width=\"300\" height=\"244\" srcset=\"https:\/\/schuetzenbruderschaft-hoeltinghausen.de\/wp-content\/uploads\/2013\/12\/luftbild1-Kopie-300x244.jpg 300w, https:\/\/schuetzenbruderschaft-hoeltinghausen.de\/wp-content\/uploads\/2013\/12\/luftbild1-Kopie.jpg 500w\" sizes=\"auto, (max-width: 300px) 100vw, 300px\" \/><\/a><\/p>\n<p style=\"text-align: left;\"><span style=\"text-decoration: underline;\"><strong>Luftbild des Sch\u00fctzen- und Sportheims<\/strong><\/span><\/p>\n<p style=\"text-align: left;\">&#8211; Sch\u00fctzenheim im hinteren Teil<\/p>\n<p style=\"text-align: left;\">&#8211; rechts die Schie\u00dfanlagen<\/p>\n<p style=\"text-align: left;\">&#8211; vorne das Sportheim<\/p>\n<p style=\"text-align: center;\"><span style=\"text-decoration: underline;\"><strong>Anfahrt:<\/strong><\/span><\/p>\n<p style=\"text-align: center;\">Christ-K\u00f6nigs-Sch\u00fctzenbruderschaft H\u00f6ltinghausen e. V.<\/p>\n<p style=\"text-align: center;\">Hauptstra\u00dfe 29b<\/p>\n<p style=\"text-align: center;\">49685 H\u00f6ltinghausen<\/p>\n<p style=\"text-align: center;\"><a href=\"https:\/\/maps.google.de\/maps?q=Hauptstra%C3%9Fe+29b,+H%C3%B6ltinghausen,+Emstek&amp;hl=de&amp;ie=UTF8&amp;sll=52.593676,9.126042&amp;sspn=5.279565,9.876709&amp;oq=H%C3%B6ltinghausen+hauptstrasse+29b&amp;hnear=Hauptstra%C3%9Fe+29B,+H%C3%B6ltinghausen+49685+Emstek&amp;t=m&amp;z=16&amp;iwloc=A\" target=\"_blank\">F\u00fcr eine detaillierte Kartendarstellung klicken Sie bitte hier!<\/a><\/p>\n<p style=\"text-align: center;\">Anfahrt von Norden und S\u00fcden:<\/p>\n<p style=\"text-align: center;\">Autobahn A1:<\/p>\n<p style=\"text-align: center;\">Bei Abfahrt 62 Dreieck Ahlhorner Heide auf A 29 in Richtung Oldenburg einf\u00e4deln<\/p>\n<p style=\"text-align: center;\">A29, bei Ausfahrt 20-Ahlhorn auf B213 in Richtung Cloppenburg fahren<\/p>\n<p style=\"text-align: center;\">B213, nach ca. 3,7 km links auf Hauptstrasse\/K178 abbiegen<\/p>\n<p style=\"text-align: center;\">Hauptstr., nach ca. 1,3 km rechts in Zielstra\u00dfe einfahren<\/p>\n","protected":false},"excerpt":{"rendered":"<p>Luftbild des Sch\u00fctzen- und Sportheims &#8211; Sch\u00fctzenheim im hinteren Teil &#8211; rechts die Schie\u00dfanlagen &#8211; vorne das Sportheim Anfahrt: Christ-K\u00f6nigs-Sch\u00fctzenbruderschaft H\u00f6ltinghausen e. V. Hauptstra\u00dfe 29b 49685 H\u00f6ltinghausen F\u00fcr eine detaillierte Kartendarstellung klicken Sie bitte hier! Anfahrt von Norden und S\u00fcden: &hellip; <a href=\"https:\/\/schuetzenbruderschaft-hoeltinghausen.de\/?page_id=65\">Weiterlesen <span class=\"meta-nav\">&rarr;<\/span><\/a><\/p>\n","protected":false},"author":5,"featured_media":0,"parent":0,"menu_order":0,"comment_status":"open","ping_status":"open","template":"","meta":{"footnotes":""},"class_list":["post-65","page","type-page","status-publish","hentry"],"_links":{"self":[{"href":"https:\/\/schuetzenbruderschaft-hoeltinghausen.de\/index.php?rest_route=\/wp\/v2\/pages\/65","targetHints":{"allow":["GET"]}}],"collection":[{"href":"https:\/\/schuetzenbruderschaft-hoeltinghausen.de\/index.php?rest_route=\/wp\/v2\/pages"}],"about":[{"href":"https:\/\/schuetzenbruderschaft-hoeltinghausen.de\/index.php?rest_route=\/wp\/v2\/types\/page"}],"author":[{"embeddable":true,"href":"https:\/\/schuetzenbruderschaft-hoeltinghausen.de\/index.php?rest_route=\/wp\/v2\/users\/5"}],"replies":[{"embeddable":true,"href":"https:\/\/schuetzenbruderschaft-hoeltinghausen.de\/index.php?rest_route=%2Fwp%2Fv2%2Fcomments&post=65"}],"version-history":[{"count":9,"href":"https:\/\/schuetzenbruderschaft-hoeltinghausen.de\/index.php?rest_route=\/wp\/v2\/pages\/65\/revisions"}],"predecessor-version":[{"id":1258,"href":"https:\/\/schuetzenbruderschaft-hoeltinghausen.de\/index.php?rest_route=\/wp\/v2\/pages\/65\/revisions\/1258"}],"wp:attachment":[{"href":"https:\/\/schuetzenbruderschaft-hoeltinghausen.de\/index.php?rest_route=%2Fwp%2Fv2%2Fmedia&parent=65"}],"curies":[{"name":"wp","href":"https:\/\/api.w.org\/{rel}","templated":true}]}}