{"id":7424,"date":"2024-05-23T21:12:08","date_gmt":"2024-05-23T20:12:08","guid":{"rendered":"https:\/\/schuetzenbruderschaft-hoeltinghausen.de\/?page_id=7424"},"modified":"2024-10-08T19:21:22","modified_gmt":"2024-10-08T18:21:22","slug":"majestaeten","status":"publish","type":"page","link":"https:\/\/schuetzenbruderschaft-hoeltinghausen.de\/?page_id=7424","title":{"rendered":"Majest\u00e4ten"},"content":{"rendered":"<h1 style=\"text-align: center;\"><strong>Die aktuelle K\u00f6nigskette 1999-2024<\/strong><\/h1>\n<div id=\"attachment_7500\" style=\"width: 1930px\" class=\"wp-caption alignnone\"><a href=\"https:\/\/schuetzenbruderschaft-hoeltinghausen.de\/wp-content\/uploads\/2024\/10\/kette-bearbeitet-scaled.jpg\"><img loading=\"lazy\" decoding=\"async\" aria-describedby=\"caption-attachment-7500\" class=\"wp-image-7500 size-full aligncenter\" src=\"https:\/\/schuetzenbruderschaft-hoeltinghausen.de\/wp-content\/uploads\/2024\/10\/kette-bearbeitet-scaled.jpg\" alt=\"\" width=\"1920\" height=\"2560\" srcset=\"https:\/\/schuetzenbruderschaft-hoeltinghausen.de\/wp-content\/uploads\/2024\/10\/kette-bearbeitet-scaled.jpg 1920w, https:\/\/schuetzenbruderschaft-hoeltinghausen.de\/wp-content\/uploads\/2024\/10\/kette-bearbeitet-225x300.jpg 225w, https:\/\/schuetzenbruderschaft-hoeltinghausen.de\/wp-content\/uploads\/2024\/10\/kette-bearbeitet-768x1024.jpg 768w, https:\/\/schuetzenbruderschaft-hoeltinghausen.de\/wp-content\/uploads\/2024\/10\/kette-bearbeitet-1152x1536.jpg 1152w, https:\/\/schuetzenbruderschaft-hoeltinghausen.de\/wp-content\/uploads\/2024\/10\/kette-bearbeitet-1536x2048.jpg 1536w\" sizes=\"auto, (max-width: 1920px) 100vw, 1920px\" \/><\/a><p id=\"caption-attachment-7500\" class=\"wp-caption-text\"><\/strong> 1999 Ludger Meyer 2001 Jens L\u00fccking 2002 G\u00fcnter Lanfer 2003 Ludger Dinklage 2004 Josef Sch\u00f6nig 2005 Christoph Sieverding 2006 Franz-Josef L\u00fcken 2007 G\u00fcnter Raker 2008 Christina Behrens 2009 Otto Macke 2010 Hans L\u00fccking 2011 Alwin Raker 2012 Andrea Busse 2013 Kerstin Wegmann 2014 Christian Schnittker 2015 Anita Meyer 2017 Martina L\u00fcken 2018 Helmut Reck 2019 Arnold Niehaus 2022 Hermann-Josef Warnke 2023 Ren\u00e8 Bu\u00dfe 2024 Martin Hartmann<\/p><\/div>\n","protected":false},"excerpt":{"rendered":"<p>Die aktuelle K\u00f6nigskette 1999-2024<\/p>\n","protected":false},"author":5,"featured_media":0,"parent":0,"menu_order":0,"comment_status":"closed","ping_status":"closed","template":"","meta":{"footnotes":""},"class_list":["post-7424","page","type-page","status-publish","hentry"],"_links":{"self":[{"href":"https:\/\/schuetzenbruderschaft-hoeltinghausen.de\/index.php?rest_route=\/wp\/v2\/pages\/7424","targetHints":{"allow":["GET"]}}],"collection":[{"href":"https:\/\/schuetzenbruderschaft-hoeltinghausen.de\/index.php?rest_route=\/wp\/v2\/pages"}],"about":[{"href":"https:\/\/schuetzenbruderschaft-hoeltinghausen.de\/index.php?rest_route=\/wp\/v2\/types\/page"}],"author":[{"embeddable":true,"href":"https:\/\/schuetzenbruderschaft-hoeltinghausen.de\/index.php?rest_route=\/wp\/v2\/users\/5"}],"replies":[{"embeddable":true,"href":"https:\/\/schuetzenbruderschaft-hoeltinghausen.de\/index.php?rest_route=%2Fwp%2Fv2%2Fcomments&post=7424"}],"version-history":[{"count":5,"href":"https:\/\/schuetzenbruderschaft-hoeltinghausen.de\/index.php?rest_route=\/wp\/v2\/pages\/7424\/revisions"}],"predecessor-version":[{"id":7509,"href":"https:\/\/schuetzenbruderschaft-hoeltinghausen.de\/index.php?rest_route=\/wp\/v2\/pages\/7424\/revisions\/7509"}],"wp:attachment":[{"href":"https:\/\/schuetzenbruderschaft-hoeltinghausen.de\/index.php?rest_route=%2Fwp%2Fv2%2Fmedia&parent=7424"}],"curies":[{"name":"wp","href":"https:\/\/api.w.org\/{rel}","templated":true}]}}